{"id":214,"date":"2022-11-22T05:11:48","date_gmt":"2022-11-22T05:11:48","guid":{"rendered":"https:\/\/pramisa.com\/?page_id=214"},"modified":"2022-11-23T14:56:15","modified_gmt":"2022-11-23T14:56:15","slug":"servicios","status":"publish","type":"page","link":"https:\/\/pramisa.com\/?page_id=214","title":{"rendered":"Servicios"},"content":{"rendered":"\n<div class=\"wp-block-media-text alignwide has-media-on-the-right is-stacked-on-mobile is-vertically-aligned-center has-background has-small-font-size\" style=\"background-color:#d93426;grid-template-columns:auto 42%\"><div class=\"wp-block-media-text__content\">\n<div class=\"inherit-container-width wp-block-group is-layout-constrained wp-container-core-group-is-layout-e0d25d7f wp-block-group-is-layout-constrained\" style=\"padding-top:2em;padding-right:2em;padding-bottom:2em;padding-left:2em\"><div class=\"wp-block-group__inner-container\">\n<h2 class=\"has-ast-global-color-5-color has-text-color wp-block-heading\" style=\"font-size:36px\">Courier Internacional<\/h2>\n\n\n\n<p class=\"has-ast-global-color-5-color has-text-color\" style=\"font-size:1em\">Realiza tus compras online en las principales p\u00e1ginas en Estados Unidos y China, te brindamos un casillero internacional en Miami para gestionar tus compras con los mejores precios, beneficios, con tecnolog\u00eda de punta para brindar un servicio de calidad, donde la trazabilidad es nuestra prioridad&#8230;<\/p>\n<\/div><\/div>\n\n\n\n<div class=\"inherit-container-width wp-block-group is-layout-constrained wp-container-core-group-is-layout-7ac32d91 wp-block-group-is-layout-constrained\" style=\"padding-top:1em;padding-right:1em;padding-bottom:1em;padding-left:1em\"><div class=\"wp-block-group__inner-container\">\n<div class=\"wp-block-buttons alignwide is-content-justification-center is-layout-flex wp-container-core-buttons-is-layout-a89b3969 wp-block-buttons-is-layout-flex\">\n<div class=\"wp-block-button aligncenter has-custom-font-size is-style-fill has-medium-font-size\"><a class=\"wp-block-button__link has-ast-global-color-5-background-color has-text-color has-background wp-element-button\" href=\"https:\/\/pramisa.com\/?page_id=218\" style=\"border-radius:39px;color:#d93426;padding-top:var(--wp--preset--spacing--40);padding-right:var(--wp--preset--spacing--40);padding-bottom:var(--wp--preset--spacing--40);padding-left:var(--wp--preset--spacing--40)\">M\u00e1s Informaci\u00f3n<\/a><\/div>\n<\/div>\n<\/div><\/div>\n<\/div><figure class=\"wp-block-media-text__media\"><img loading=\"lazy\" decoding=\"async\" width=\"2560\" height=\"1708\" src=\"https:\/\/pramisa.com\/wp-content\/uploads\/2022\/11\/satisfied-client-of-online-delivery-signing-the-forms-scaled.jpg\" alt=\"\" class=\"wp-image-268 size-full\" srcset=\"https:\/\/pramisa.com\/wp-content\/uploads\/2022\/11\/satisfied-client-of-online-delivery-signing-the-forms-scaled.jpg 2560w, https:\/\/pramisa.com\/wp-content\/uploads\/2022\/11\/satisfied-client-of-online-delivery-signing-the-forms-300x200.jpg 300w, https:\/\/pramisa.com\/wp-content\/uploads\/2022\/11\/satisfied-client-of-online-delivery-signing-the-forms-1024x683.jpg 1024w, https:\/\/pramisa.com\/wp-content\/uploads\/2022\/11\/satisfied-client-of-online-delivery-signing-the-forms-768x513.jpg 768w, https:\/\/pramisa.com\/wp-content\/uploads\/2022\/11\/satisfied-client-of-online-delivery-signing-the-forms-1536x1025.jpg 1536w, https:\/\/pramisa.com\/wp-content\/uploads\/2022\/11\/satisfied-client-of-online-delivery-signing-the-forms-2048x1367.jpg 2048w\" sizes=\"auto, (max-width: 2560px) 100vw, 2560px\" \/><\/figure><\/div>\n\n\n\n<p><\/p>\n\n\n\n<div class=\"wp-block-media-text alignwide is-stacked-on-mobile is-vertically-aligned-center has-black-background-color has-background has-medium-font-size\" style=\"grid-template-columns:46% auto\"><figure class=\"wp-block-media-text__media\"><img loading=\"lazy\" decoding=\"async\" width=\"1024\" height=\"576\" src=\"https:\/\/pramisa.com\/wp-content\/uploads\/2022\/11\/transportation-and-logistics-1024x576.jpg\" alt=\"\" class=\"wp-image-282 size-large\" srcset=\"https:\/\/pramisa.com\/wp-content\/uploads\/2022\/11\/transportation-and-logistics-1024x576.jpg 1024w, https:\/\/pramisa.com\/wp-content\/uploads\/2022\/11\/transportation-and-logistics-300x169.jpg 300w, https:\/\/pramisa.com\/wp-content\/uploads\/2022\/11\/transportation-and-logistics-768x432.jpg 768w, https:\/\/pramisa.com\/wp-content\/uploads\/2022\/11\/transportation-and-logistics-1536x864.jpg 1536w, https:\/\/pramisa.com\/wp-content\/uploads\/2022\/11\/transportation-and-logistics-2048x1152.jpg 2048w\" sizes=\"auto, (max-width: 1024px) 100vw, 1024px\" \/><\/figure><div class=\"wp-block-media-text__content\">\n<div class=\"inherit-container-width wp-block-group has-small-font-size is-layout-constrained wp-container-core-group-is-layout-b6e37fae wp-block-group-is-layout-constrained\" style=\"padding-top:2em;padding-right:2em;padding-bottom:2em;padding-left:2em\"><div class=\"wp-block-group__inner-container\">\n<h2 class=\"has-white-color has-text-color wp-block-heading\" style=\"font-size:36px\"><strong>Transporte Internacional<\/strong><\/h2>\n\n\n\n<p class=\"has-white-color has-text-color\" style=\"font-size:1em\">Coordinamos el transporte desde origen tomando en cuenta el termino de negociaci\u00f3n, contamos con una amplia red de contactos log\u00edsticos internacionales con certificaciones que avalan su calidad, las modalidades de transporte internacional son terrestres para pick up en origen desde ciudades cercanas, para el traslado internacional ofrecemos env\u00edo Mar\u00edtimo o A\u00e9reo.<\/p>\n<\/div><\/div>\n\n\n\n<div class=\"wp-block-buttons is-content-justification-center is-nowrap is-layout-flex wp-container-core-buttons-is-layout-e57026cb wp-block-buttons-is-layout-flex\">\n<div class=\"wp-block-button aligncenter is-style-fill\"><a class=\"wp-block-button__link has-black-color has-white-background-color has-text-color has-background wp-element-button\" href=\"https:\/\/pramisa.com\/?page_id=219\" style=\"border-radius:71px;padding-top:var(--wp--preset--spacing--40);padding-right:var(--wp--preset--spacing--40);padding-bottom:var(--wp--preset--spacing--40);padding-left:var(--wp--preset--spacing--40)\">M\u00e1s Informaci\u00f3n<\/a><\/div>\n<\/div>\n<\/div><\/div>\n\n\n\n<p><\/p>\n\n\n\n<div class=\"wp-block-media-text alignwide has-media-on-the-right is-stacked-on-mobile is-vertically-aligned-center has-background has-small-font-size\" style=\"background-color:#d93426;grid-template-columns:auto 41%\"><div class=\"wp-block-media-text__content\">\n<div class=\"inherit-container-width wp-block-group is-layout-constrained wp-container-core-group-is-layout-e0d25d7f wp-block-group-is-layout-constrained\" style=\"padding-top:2em;padding-right:2em;padding-bottom:2em;padding-left:2em\"><div class=\"wp-block-group__inner-container\">\n<h2 class=\"has-ast-global-color-5-color has-text-color wp-block-heading\" style=\"font-size:36px\">Nacionalizaci\u00f3n de carga<\/h2>\n\n\n\n<p class=\"has-ast-global-color-5-color has-text-color\" style=\"font-size:1em\">Contamos con agentes aduaneros que realizan la nacionalizaci\u00f3n de carga para lo cual identificamos y asesoramos en el caso de que se necesite documentaci\u00f3n previa y revisamos conjuntamente con el cliente la naturaleza de los productos para que su carga sea declarada con el arancel correcto.<\/p>\n<\/div><\/div>\n\n\n\n<div class=\"inherit-container-width wp-block-group is-layout-constrained wp-container-core-group-is-layout-7ac32d91 wp-block-group-is-layout-constrained\" style=\"padding-top:1em;padding-right:1em;padding-bottom:1em;padding-left:1em\"><div class=\"wp-block-group__inner-container\">\n<div class=\"wp-block-buttons alignwide is-content-justification-center is-layout-flex wp-container-core-buttons-is-layout-a89b3969 wp-block-buttons-is-layout-flex\">\n<div class=\"wp-block-button aligncenter has-custom-font-size is-style-fill has-medium-font-size\"><a class=\"wp-block-button__link has-ast-global-color-5-background-color has-text-color has-background wp-element-button\" href=\"https:\/\/pramisa.com\/?page_id=220\" style=\"border-radius:39px;color:#d93426;padding-top:var(--wp--preset--spacing--40);padding-right:var(--wp--preset--spacing--40);padding-bottom:var(--wp--preset--spacing--40);padding-left:var(--wp--preset--spacing--40)\">M\u00e1s Informaci\u00f3n<\/a><\/div>\n<\/div>\n<\/div><\/div>\n<\/div><figure class=\"wp-block-media-text__media\"><img loading=\"lazy\" decoding=\"async\" width=\"1024\" height=\"683\" src=\"https:\/\/pramisa.com\/wp-content\/uploads\/2022\/11\/customs-declaration-form-invoice-freight-parcel-concept-1024x683.jpg\" alt=\"\" class=\"wp-image-316 size-full\" srcset=\"https:\/\/pramisa.com\/wp-content\/uploads\/2022\/11\/customs-declaration-form-invoice-freight-parcel-concept-1024x683.jpg 1024w, https:\/\/pramisa.com\/wp-content\/uploads\/2022\/11\/customs-declaration-form-invoice-freight-parcel-concept-300x200.jpg 300w, https:\/\/pramisa.com\/wp-content\/uploads\/2022\/11\/customs-declaration-form-invoice-freight-parcel-concept-768x513.jpg 768w, https:\/\/pramisa.com\/wp-content\/uploads\/2022\/11\/customs-declaration-form-invoice-freight-parcel-concept-1536x1025.jpg 1536w, https:\/\/pramisa.com\/wp-content\/uploads\/2022\/11\/customs-declaration-form-invoice-freight-parcel-concept-2048x1367.jpg 2048w\" sizes=\"auto, (max-width: 1024px) 100vw, 1024px\" \/><\/figure><\/div>\n\n\n\n<p><\/p>\n\n\n\n<div class=\"wp-block-media-text alignwide is-stacked-on-mobile is-vertically-aligned-center has-black-background-color has-background has-medium-font-size\" style=\"grid-template-columns:46% auto\"><figure class=\"wp-block-media-text__media\"><img loading=\"lazy\" decoding=\"async\" width=\"1024\" height=\"683\" src=\"https:\/\/pramisa.com\/wp-content\/uploads\/2022\/11\/arriving-white-truck-on-the-road-in-rural-landscape-at-sunset-1024x683.jpg\" alt=\"\" class=\"wp-image-321 size-large\" srcset=\"https:\/\/pramisa.com\/wp-content\/uploads\/2022\/11\/arriving-white-truck-on-the-road-in-rural-landscape-at-sunset-1024x683.jpg 1024w, https:\/\/pramisa.com\/wp-content\/uploads\/2022\/11\/arriving-white-truck-on-the-road-in-rural-landscape-at-sunset-300x200.jpg 300w, https:\/\/pramisa.com\/wp-content\/uploads\/2022\/11\/arriving-white-truck-on-the-road-in-rural-landscape-at-sunset-768x512.jpg 768w, https:\/\/pramisa.com\/wp-content\/uploads\/2022\/11\/arriving-white-truck-on-the-road-in-rural-landscape-at-sunset-1536x1024.jpg 1536w, https:\/\/pramisa.com\/wp-content\/uploads\/2022\/11\/arriving-white-truck-on-the-road-in-rural-landscape-at-sunset-2048x1365.jpg 2048w\" sizes=\"auto, (max-width: 1024px) 100vw, 1024px\" \/><\/figure><div class=\"wp-block-media-text__content\">\n<div class=\"inherit-container-width wp-block-group has-small-font-size is-layout-constrained wp-container-core-group-is-layout-b6e37fae wp-block-group-is-layout-constrained\" style=\"padding-top:2em;padding-right:2em;padding-bottom:2em;padding-left:2em\"><div class=\"wp-block-group__inner-container\">\n<h2 class=\"has-white-color has-text-color wp-block-heading\" style=\"font-size:36px\"><strong>Transporte Intern<\/strong>o<\/h2>\n\n\n\n<p class=\"has-white-color has-text-color\" style=\"font-size:1em\">Coordinamos el transporte desde puerto o aeropuerto, precautelando la seguridad y buen manejo de la carga para ser entregado en el destino final.<\/p>\n<\/div><\/div>\n\n\n\n<div class=\"wp-block-buttons is-content-justification-center is-nowrap is-layout-flex wp-container-core-buttons-is-layout-e57026cb wp-block-buttons-is-layout-flex\">\n<div class=\"wp-block-button aligncenter is-style-fill\"><a class=\"wp-block-button__link has-black-color has-white-background-color has-text-color has-background wp-element-button\" href=\"https:\/\/pramisa.com\/?page_id=221\" style=\"border-radius:71px;padding-top:var(--wp--preset--spacing--40);padding-right:var(--wp--preset--spacing--40);padding-bottom:var(--wp--preset--spacing--40);padding-left:var(--wp--preset--spacing--40)\">M\u00e1s Informaci\u00f3n<\/a><\/div>\n<\/div>\n<\/div><\/div>\n","protected":false},"excerpt":{"rendered":"","protected":false},"author":1,"featured_media":0,"parent":2,"menu_order":2,"comment_status":"closed","ping_status":"closed","template":"","meta":{"om_disable_all_campaigns":false,"_monsterinsights_skip_tracking":false,"_monsterinsights_sitenote_active":false,"_monsterinsights_sitenote_note":"","_monsterinsights_sitenote_category":0,"site-sidebar-layout":"default","site-content-layout":"","ast-site-content-layout":"","site-content-style":"default","site-sidebar-style":"default","ast-global-header-display":"","ast-banner-title-visibility":"","ast-main-header-display":"","ast-hfb-above-header-display":"","ast-hfb-below-header-display":"","ast-hfb-mobile-header-display":"","site-post-title":"","ast-breadcrumbs-content":"","ast-featured-img":"","footer-sml-layout":"","theme-transparent-header-meta":"","adv-header-id-meta":"","stick-header-meta":"","header-above-stick-meta":"","header-main-stick-meta":"","header-below-stick-meta":"","astra-migrate-meta-layouts":"default","ast-page-background-enabled":"default","ast-page-background-meta":{"desktop":{"background-color":"var(--ast-global-color-4)","background-image":"","background-repeat":"repeat","background-position":"center center","background-size":"auto","background-attachment":"scroll","background-type":"","background-media":"","overlay-type":"","overlay-color":"","overlay-opacity":"","overlay-gradient":""},"tablet":{"background-color":"","background-image":"","background-repeat":"repeat","background-position":"center center","background-size":"auto","background-attachment":"scroll","background-type":"","background-media":"","overlay-type":"","overlay-color":"","overlay-opacity":"","overlay-gradient":""},"mobile":{"background-color":"","background-image":"","background-repeat":"repeat","background-position":"center center","background-size":"auto","background-attachment":"scroll","background-type":"","background-media":"","overlay-type":"","overlay-color":"","overlay-opacity":"","overlay-gradient":""}},"ast-content-background-meta":{"desktop":{"background-color":"var(--ast-global-color-5)","background-image":"","background-repeat":"repeat","background-position":"center center","background-size":"auto","background-attachment":"scroll","background-type":"","background-media":"","overlay-type":"","overlay-color":"","overlay-opacity":"","overlay-gradient":""},"tablet":{"background-color":"var(--ast-global-color-5)","background-image":"","background-repeat":"repeat","background-position":"center center","background-size":"auto","background-attachment":"scroll","background-type":"","background-media":"","overlay-type":"","overlay-color":"","overlay-opacity":"","overlay-gradient":""},"mobile":{"background-color":"var(--ast-global-color-5)","background-image":"","background-repeat":"repeat","background-position":"center center","background-size":"auto","background-attachment":"scroll","background-type":"","background-media":"","overlay-type":"","overlay-color":"","overlay-opacity":"","overlay-gradient":""}},"footnotes":""},"class_list":["post-214","page","type-page","status-publish","hentry"],"aioseo_notices":[],"_links":{"self":[{"href":"https:\/\/pramisa.com\/index.php?rest_route=\/wp\/v2\/pages\/214","targetHints":{"allow":["GET"]}}],"collection":[{"href":"https:\/\/pramisa.com\/index.php?rest_route=\/wp\/v2\/pages"}],"about":[{"href":"https:\/\/pramisa.com\/index.php?rest_route=\/wp\/v2\/types\/page"}],"author":[{"embeddable":true,"href":"https:\/\/pramisa.com\/index.php?rest_route=\/wp\/v2\/users\/1"}],"replies":[{"embeddable":true,"href":"https:\/\/pramisa.com\/index.php?rest_route=%2Fwp%2Fv2%2Fcomments&post=214"}],"version-history":[{"count":32,"href":"https:\/\/pramisa.com\/index.php?rest_route=\/wp\/v2\/pages\/214\/revisions"}],"predecessor-version":[{"id":440,"href":"https:\/\/pramisa.com\/index.php?rest_route=\/wp\/v2\/pages\/214\/revisions\/440"}],"up":[{"embeddable":true,"href":"https:\/\/pramisa.com\/index.php?rest_route=\/wp\/v2\/pages\/2"}],"wp:attachment":[{"href":"https:\/\/pramisa.com\/index.php?rest_route=%2Fwp%2Fv2%2Fmedia&parent=214"}],"curies":[{"name":"wp","href":"https:\/\/api.w.org\/{rel}","templated":true}]}}