{"id":221,"date":"2022-11-22T05:22:37","date_gmt":"2022-11-22T05:22:37","guid":{"rendered":"https:\/\/pramisa.com\/?page_id=221"},"modified":"2023-01-15T08:59:59","modified_gmt":"2023-01-15T08:59:59","slug":"transporte-interno","status":"publish","type":"page","link":"https:\/\/pramisa.com\/?page_id=221","title":{"rendered":"Transporte Interno"},"content":{"rendered":"\n<p class=\"has-text-align-left has-small-font-size\">El manejo de transporte interno se lo coordina previo an\u00e1lisis de la carga seg\u00fan packing list y especificaciones t\u00e9cnicas del contenido, para condiciones especiales de manejo se debe notificar con la anticipaci\u00f3n necesaria.<\/p>\n\n\n\n<div class=\"wp-block-media-text alignwide is-stacked-on-mobile is-image-fill has-small-font-size\" style=\"margin-top:var(--wp--preset--spacing--30);margin-right:var(--wp--preset--spacing--30);margin-bottom:var(--wp--preset--spacing--30);margin-left:var(--wp--preset--spacing--30);padding-top:0;padding-right:0;padding-bottom:0;padding-left:0\"><figure class=\"wp-block-media-text__media\" style=\"background-image:url(https:\/\/pramisa.com\/wp-content\/uploads\/2023\/01\/several-vans-and-trucks-parked-in-parking-lot-for-rent-scaled.jpg);background-position:50% 91%\"><img loading=\"lazy\" decoding=\"async\" width=\"2560\" height=\"1280\" src=\"https:\/\/pramisa.com\/wp-content\/uploads\/2023\/01\/several-vans-and-trucks-parked-in-parking-lot-for-rent-scaled.jpg\" alt=\"\" class=\"wp-image-464 size-full\" srcset=\"https:\/\/pramisa.com\/wp-content\/uploads\/2023\/01\/several-vans-and-trucks-parked-in-parking-lot-for-rent-scaled.jpg 2560w, https:\/\/pramisa.com\/wp-content\/uploads\/2023\/01\/several-vans-and-trucks-parked-in-parking-lot-for-rent-300x150.jpg 300w, https:\/\/pramisa.com\/wp-content\/uploads\/2023\/01\/several-vans-and-trucks-parked-in-parking-lot-for-rent-1024x512.jpg 1024w, https:\/\/pramisa.com\/wp-content\/uploads\/2023\/01\/several-vans-and-trucks-parked-in-parking-lot-for-rent-768x384.jpg 768w, https:\/\/pramisa.com\/wp-content\/uploads\/2023\/01\/several-vans-and-trucks-parked-in-parking-lot-for-rent-1536x768.jpg 1536w, https:\/\/pramisa.com\/wp-content\/uploads\/2023\/01\/several-vans-and-trucks-parked-in-parking-lot-for-rent-2048x1024.jpg 2048w\" sizes=\"auto, (max-width: 2560px) 100vw, 2560px\" \/><\/figure><div class=\"wp-block-media-text__content\">\n<h2 class=\"has-text-color wp-block-heading\" style=\"color:#d93526;margin-top:var(--wp--preset--spacing--20);margin-right:var(--wp--preset--spacing--20);margin-bottom:var(--wp--preset--spacing--20);margin-left:var(--wp--preset--spacing--20)\">Carga liviana<\/h2>\n\n\n\n<ul class=\"wp-block-list\">\n<li>Servicio Express con entrega el mismo d\u00eda.<\/li>\n\n\n\n<li>Servicio Econ\u00f3mico, ultima milla entrega de 24 a 48 horas.<\/li>\n\n\n\n<li>Carga menor a 100 kg.<\/li>\n\n\n\n<li>Medida de altura m\u00e1xima 1.46 mts.<\/li>\n\n\n\n<li>Infraestructura propia o a trav\u00e9s de aliados estrat\u00e9gicos.<\/li>\n\n\n\n<li>Seguro opcional.<\/li>\n<\/ul>\n<\/div><\/div>\n\n\n\n<div class=\"wp-block-media-text alignwide has-media-on-the-right is-stacked-on-mobile is-image-fill\" style=\"margin-top:var(--wp--preset--spacing--30);margin-right:var(--wp--preset--spacing--30);margin-bottom:var(--wp--preset--spacing--30);margin-left:var(--wp--preset--spacing--30);padding-top:0;padding-right:0;padding-bottom:0;padding-left:0\"><div class=\"wp-block-media-text__content\">\n<h2 class=\"has-text-color wp-block-heading\" style=\"color:#d93526;margin-top:var(--wp--preset--spacing--40);margin-right:var(--wp--preset--spacing--40);margin-bottom:var(--wp--preset--spacing--40);margin-left:var(--wp--preset--spacing--40)\">Carga Pesada<\/h2>\n\n\n\n<ul class=\"wp-block-list\">\n<li>Consolidaci\u00f3n de carga<\/li>\n\n\n\n<li>Carga suelta<\/li>\n\n\n\n<li>Carga mayor a 100 kg.<\/li>\n\n\n\n<li>Transporte autorizado para ingreso y retiro de puerto.<\/li>\n\n\n\n<li>Infraestructura propia o a trav\u00e9s de aliados estrat\u00e9gicos.<\/li>\n\n\n\n<li>Seguro opcional.<\/li>\n\n\n\n<li>Estrategias para minimizar riesgos.<\/li>\n<\/ul>\n<\/div><figure class=\"wp-block-media-text__media\" style=\"background-image:url(https:\/\/pramisa.com\/wp-content\/uploads\/2023\/01\/the-truck-runs-on-the-highway-with-speed-scaled.jpg);background-position:50% 50%\"><img loading=\"lazy\" decoding=\"async\" width=\"2560\" height=\"1440\" src=\"https:\/\/pramisa.com\/wp-content\/uploads\/2023\/01\/the-truck-runs-on-the-highway-with-speed-scaled.jpg\" alt=\"\" class=\"wp-image-465 size-full\" srcset=\"https:\/\/pramisa.com\/wp-content\/uploads\/2023\/01\/the-truck-runs-on-the-highway-with-speed-scaled.jpg 2560w, https:\/\/pramisa.com\/wp-content\/uploads\/2023\/01\/the-truck-runs-on-the-highway-with-speed-300x169.jpg 300w, https:\/\/pramisa.com\/wp-content\/uploads\/2023\/01\/the-truck-runs-on-the-highway-with-speed-1024x576.jpg 1024w, https:\/\/pramisa.com\/wp-content\/uploads\/2023\/01\/the-truck-runs-on-the-highway-with-speed-768x432.jpg 768w, https:\/\/pramisa.com\/wp-content\/uploads\/2023\/01\/the-truck-runs-on-the-highway-with-speed-1536x864.jpg 1536w, https:\/\/pramisa.com\/wp-content\/uploads\/2023\/01\/the-truck-runs-on-the-highway-with-speed-2048x1152.jpg 2048w\" sizes=\"auto, (max-width: 2560px) 100vw, 2560px\" \/><\/figure><\/div>\n\n\n\n<div class=\"wp-block-media-text alignwide is-stacked-on-mobile is-image-fill\" style=\"margin-top:var(--wp--preset--spacing--20);margin-right:var(--wp--preset--spacing--20);margin-bottom:var(--wp--preset--spacing--20);margin-left:var(--wp--preset--spacing--20)\"><figure class=\"wp-block-media-text__media\" style=\"background-image:url(https:\/\/pramisa.com\/wp-content\/uploads\/2023\/01\/forklift-vehicle-manipulating-goods-in-logistic-area-outside-warehouse-1024x683.jpg);background-position:49% 85%\"><img loading=\"lazy\" decoding=\"async\" width=\"1024\" height=\"683\" src=\"https:\/\/pramisa.com\/wp-content\/uploads\/2023\/01\/forklift-vehicle-manipulating-goods-in-logistic-area-outside-warehouse-1024x683.jpg\" alt=\"\" class=\"wp-image-466 size-full\" srcset=\"https:\/\/pramisa.com\/wp-content\/uploads\/2023\/01\/forklift-vehicle-manipulating-goods-in-logistic-area-outside-warehouse-1024x683.jpg 1024w, https:\/\/pramisa.com\/wp-content\/uploads\/2023\/01\/forklift-vehicle-manipulating-goods-in-logistic-area-outside-warehouse-300x200.jpg 300w, https:\/\/pramisa.com\/wp-content\/uploads\/2023\/01\/forklift-vehicle-manipulating-goods-in-logistic-area-outside-warehouse-768x512.jpg 768w, https:\/\/pramisa.com\/wp-content\/uploads\/2023\/01\/forklift-vehicle-manipulating-goods-in-logistic-area-outside-warehouse-1536x1024.jpg 1536w, https:\/\/pramisa.com\/wp-content\/uploads\/2023\/01\/forklift-vehicle-manipulating-goods-in-logistic-area-outside-warehouse-2048x1365.jpg 2048w\" sizes=\"auto, (max-width: 1024px) 100vw, 1024px\" \/><\/figure><div class=\"wp-block-media-text__content\">\n<h2 class=\"has-text-color wp-block-heading\" style=\"color:#d93526;margin-top:var(--wp--preset--spacing--40);margin-right:var(--wp--preset--spacing--40);margin-bottom:var(--wp--preset--spacing--40);margin-left:var(--wp--preset--spacing--40)\">Montacarga y Estiba<\/h2>\n\n\n\n<ul class=\"wp-block-list\">\n<li>Carga y descarga.<\/li>\n\n\n\n<li>Cargas Generales.<\/li>\n\n\n\n<li>Cargas Fr\u00e1giles.<\/li>\n\n\n\n<li>Cargas Peligrosas.<\/li>\n\n\n\n<li>Maquinaria de todo tipo<\/li>\n\n\n\n<li>Equipos especializados EPP para manejo de toda carga.<\/li>\n\n\n\n<li>Cuadrilla supervisada.<\/li>\n<\/ul>\n<\/div><\/div>\n","protected":false},"excerpt":{"rendered":"<p>El manejo de transporte interno se lo coordina previo an\u00e1lisis de la carga seg\u00fan packing list y especificaciones t\u00e9cnicas del contenido, para condiciones especiales de manejo se debe notificar con la anticipaci\u00f3n necesaria.<\/p>\n","protected":false},"author":1,"featured_media":0,"parent":0,"menu_order":0,"comment_status":"closed","ping_status":"closed","template":"","meta":{"om_disable_all_campaigns":false,"_monsterinsights_skip_tracking":false,"_monsterinsights_sitenote_active":false,"_monsterinsights_sitenote_note":"","_monsterinsights_sitenote_category":0,"site-sidebar-layout":"default","site-content-layout":"","ast-site-content-layout":"","site-content-style":"default","site-sidebar-style":"default","ast-global-header-display":"","ast-banner-title-visibility":"","ast-main-header-display":"","ast-hfb-above-header-display":"","ast-hfb-below-header-display":"","ast-hfb-mobile-header-display":"","site-post-title":"","ast-breadcrumbs-content":"","ast-featured-img":"","footer-sml-layout":"","theme-transparent-header-meta":"","adv-header-id-meta":"","stick-header-meta":"","header-above-stick-meta":"","header-main-stick-meta":"","header-below-stick-meta":"","astra-migrate-meta-layouts":"default","ast-page-background-enabled":"default","ast-page-background-meta":{"desktop":{"background-color":"var(--ast-global-color-4)","background-image":"","background-repeat":"repeat","background-position":"center center","background-size":"auto","background-attachment":"scroll","background-type":"","background-media":"","overlay-type":"","overlay-color":"","overlay-opacity":"","overlay-gradient":""},"tablet":{"background-color":"","background-image":"","background-repeat":"repeat","background-position":"center center","background-size":"auto","background-attachment":"scroll","background-type":"","background-media":"","overlay-type":"","overlay-color":"","overlay-opacity":"","overlay-gradient":""},"mobile":{"background-color":"","background-image":"","background-repeat":"repeat","background-position":"center center","background-size":"auto","background-attachment":"scroll","background-type":"","background-media":"","overlay-type":"","overlay-color":"","overlay-opacity":"","overlay-gradient":""}},"ast-content-background-meta":{"desktop":{"background-color":"var(--ast-global-color-5)","background-image":"","background-repeat":"repeat","background-position":"center center","background-size":"auto","background-attachment":"scroll","background-type":"","background-media":"","overlay-type":"","overlay-color":"","overlay-opacity":"","overlay-gradient":""},"tablet":{"background-color":"var(--ast-global-color-5)","background-image":"","background-repeat":"repeat","background-position":"center center","background-size":"auto","background-attachment":"scroll","background-type":"","background-media":"","overlay-type":"","overlay-color":"","overlay-opacity":"","overlay-gradient":""},"mobile":{"background-color":"var(--ast-global-color-5)","background-image":"","background-repeat":"repeat","background-position":"center center","background-size":"auto","background-attachment":"scroll","background-type":"","background-media":"","overlay-type":"","overlay-color":"","overlay-opacity":"","overlay-gradient":""}},"footnotes":""},"class_list":["post-221","page","type-page","status-publish","hentry"],"aioseo_notices":[],"_links":{"self":[{"href":"https:\/\/pramisa.com\/index.php?rest_route=\/wp\/v2\/pages\/221","targetHints":{"allow":["GET"]}}],"collection":[{"href":"https:\/\/pramisa.com\/index.php?rest_route=\/wp\/v2\/pages"}],"about":[{"href":"https:\/\/pramisa.com\/index.php?rest_route=\/wp\/v2\/types\/page"}],"author":[{"embeddable":true,"href":"https:\/\/pramisa.com\/index.php?rest_route=\/wp\/v2\/users\/1"}],"replies":[{"embeddable":true,"href":"https:\/\/pramisa.com\/index.php?rest_route=%2Fwp%2Fv2%2Fcomments&post=221"}],"version-history":[{"count":11,"href":"https:\/\/pramisa.com\/index.php?rest_route=\/wp\/v2\/pages\/221\/revisions"}],"predecessor-version":[{"id":484,"href":"https:\/\/pramisa.com\/index.php?rest_route=\/wp\/v2\/pages\/221\/revisions\/484"}],"wp:attachment":[{"href":"https:\/\/pramisa.com\/index.php?rest_route=%2Fwp%2Fv2%2Fmedia&parent=221"}],"curies":[{"name":"wp","href":"https:\/\/api.w.org\/{rel}","templated":true}]}}